{"id":732,"date":"2025-05-08T15:27:49","date_gmt":"2025-05-08T13:27:49","guid":{"rendered":"https:\/\/anuario.q-alia.com\/?post_type=product&#038;p=732"},"modified":"2026-03-23T22:20:02","modified_gmt":"2026-03-23T21:20:02","slug":"anuario-2024-2025","status":"publish","type":"product","link":"https:\/\/musicaleselanuario.com\/en\/product\/anuario-2024-2025\/","title":{"rendered":"Musicales, el Anuario"},"content":{"rendered":"<div>\n<p><strong>Musicales, el Anuario es un libro de coleccionista que recopila todo lo ocurrido en la temporada 24-25 de teatro musical en Espa\u00f1a.<\/strong><\/p>\n<p>La publicaci\u00f3n ofrece un resumen muy completo de la temporada 2024\u20132025: desde los grandes musicales de la cartelera hasta propuestas off, familiares, amateur y un avance de los estrenos que vienen la pr\u00f3xima temporada.<\/p>\n<p>Incluye eventos, exposiciones, reportajes sobre la industria y sus protagonistas, as\u00ed como efem\u00e9rides destacadas como los 70 a\u00f1os de <em>Al sur del Pac\u00edfico<\/em>, los 50 a\u00f1os <em>de Jesucristo Superstar<\/em>, de Camilo Sesto o los 20 a\u00f1os de <em>Mamma Mia!,<\/em> conmemorados con un emotivo texto de Nina, entre otros.<\/p>\n<p>Tambi\u00e9n repasa los premios de la temporada pasada, destaca el talento espa\u00f1ol que trabaja en el extranjero y rinde homenaje, en un emotivo In Memoriam, a quienes ya no est\u00e1n, pero siguen formando parte de esta historia.<\/p>\n<p>M\u00e1s que un resumen, este anuario es una herramienta de referencia y un homenaje vivo al teatro musical en Espa\u00f1a.<\/p>\n<\/div>","protected":false},"excerpt":{"rendered":"<div>\n<div>\n<p><strong>Musicales, el Anuario es una edici\u00f3n de coleccionista que recopila todo lo ocurrido en la temporada 24-25 de teatro musical en Espa\u00f1a.<\/strong><\/p>\n<ul>\n<li>Formato A4 (21&#215;29,7cm)<\/li>\n<li>560 p\u00e1ginas a todo color.<\/li>\n<li>Tapa dura y encuadernaci\u00f3n cosida.<\/li>\n<\/ul>\n<p>&nbsp;<\/p>\n<\/div>\n<div><\/div>\n<div><\/div>\n<div><span style=\"color: #006eff;\">Si recoges tu anuario en ZAFYRO COCKTAIL EXPERIENCE, tendr\u00e1s un <strong>20% de descuento en todos sus c\u00f3cteles.\u00a0<\/strong><\/span><\/div>\n<div><em><span style=\"color: #006eff;\">(Cl. Libertad 10, Madrid. De mi\u00e9rcoles a domingo de 18:00h a 1:00h. Tu pedido estar\u00e1 disponible a partir del d\u00eda siguiente de su compra.)<\/span><\/em><\/div>\n<\/div>","protected":false},"featured_media":1313,"template":"","meta":[],"product_brand":[],"product_cat":[24],"product_tag":[],"class_list":{"0":"post-732","1":"product","2":"type-product","3":"status-publish","4":"has-post-thumbnail","6":"product_cat-sin-categorizar","8":"first","9":"instock","10":"sale","11":"shipping-taxable","12":"purchasable","13":"product-type-simple"},"_links":{"self":[{"href":"https:\/\/musicaleselanuario.com\/en\/wp-json\/wp\/v2\/product\/732","targetHints":{"allow":["GET"]}}],"collection":[{"href":"https:\/\/musicaleselanuario.com\/en\/wp-json\/wp\/v2\/product"}],"about":[{"href":"https:\/\/musicaleselanuario.com\/en\/wp-json\/wp\/v2\/types\/product"}],"wp:featuredmedia":[{"embeddable":true,"href":"https:\/\/musicaleselanuario.com\/en\/wp-json\/wp\/v2\/media\/1313"}],"wp:attachment":[{"href":"https:\/\/musicaleselanuario.com\/en\/wp-json\/wp\/v2\/media?parent=732"}],"wp:term":[{"taxonomy":"product_brand","embeddable":true,"href":"https:\/\/musicaleselanuario.com\/en\/wp-json\/wp\/v2\/product_brand?post=732"},{"taxonomy":"product_cat","embeddable":true,"href":"https:\/\/musicaleselanuario.com\/en\/wp-json\/wp\/v2\/product_cat?post=732"},{"taxonomy":"product_tag","embeddable":true,"href":"https:\/\/musicaleselanuario.com\/en\/wp-json\/wp\/v2\/product_tag?post=732"}],"curies":[{"name":"wp","href":"https:\/\/api.w.org\/{rel}","templated":true}]}}