{"id":29,"date":"2025-05-07T11:13:31","date_gmt":"2025-05-07T11:13:31","guid":{"rendered":"https:\/\/anuario.q-alia.com\/politica-de-cookies\/"},"modified":"2025-06-17T12:21:47","modified_gmt":"2025-06-17T10:21:47","slug":"politica-de-cookies","status":"publish","type":"page","link":"https:\/\/musicaleselanuario.com\/en\/politica-de-cookies\/","title":{"rendered":"Cookies Policy"},"content":{"rendered":"<div data-elementor-type=\"wp-page\" data-elementor-id=\"29\" class=\"elementor elementor-29\" data-elementor-post-type=\"page\">\n\t\t\t\t<div data-particle_enable=\"false\" data-particle-mobile-disabled=\"false\" class=\"elementor-element elementor-element-d0ced3a e-flex e-con-boxed e-con e-parent\" data-id=\"d0ced3a\" data-element_type=\"container\">\n\t\t\t\t\t<div class=\"e-con-inner\">\n\t\t\t\t<div class=\"elementor-element elementor-element-c861cd6 elementor-widget elementor-widget-text-editor\" data-id=\"c861cd6\" data-element_type=\"widget\" data-widget_type=\"text-editor.default\">\n\t\t\t\t<div class=\"elementor-widget-container\">\n\t\t\t\t\t\t\t\t\t<p><b><i>Introducci\u00f3n<\/i><\/b><\/p><p><span style=\"font-weight: 400;\">En cumplimiento de la Ley 34\/2002, de 11 de julio, de Servicios de la Sociedad de la Informaci\u00f3n y Comercio Electr\u00f3nico informamos al Usuario de la utilizaci\u00f3n de cookies en la web de \u201cFrames Alive\u201d.<\/span><\/p><p><span style=\"font-weight: 400;\">Las cookies permiten, entre otras cosas, recopilar informaci\u00f3n estad\u00edstica, facilitar ciertas funcionalidades t\u00e9cnicas, almacenar y recuperar informaci\u00f3n sobre los h\u00e1bitos de navegaci\u00f3n o preferencias de un Usuario o de su equipo y, dependiendo de la informaci\u00f3n que contengan y de la forma en que utilice su equipo, pueden utilizarse para reconocer al Usuario, recordar aspectos del Usuario como su idioma, pa\u00eds, navegador, etc. En caso de no querer recibir cookies, el Usuario podr\u00e1 configurar su navegador para que las borre del disco duro de su ordenador, las bloquee o le avise en su caso de instalaci\u00f3n de las mismas.<\/span><\/p><p><span style=\"font-weight: 400;\">Nuestro sitio web utiliza cookies y otras tecnolog\u00edas relacionadas (para mayor comodidad, todas las tecnolog\u00edas se denominan \u201ccookies\u201d). Las cookies tambi\u00e9n son colocadas por terceros a los que hemos contratado. En el siguiente documento te informamos sobre el uso de cookies en nuestra web.<\/span><\/p><p><b><i>\u00bfQu\u00e9 son las cookies, los scripts o las balizas web?<\/i><\/b><\/p><p><span style=\"font-weight: 400;\">Una cookie es un peque\u00f1o archivo simple que se env\u00eda junto con las p\u00e1ginas de esta web y que el navegador del usuario almacena en el disco duro de su ordenador o de otro dispositivo (smartphone, tablet, televisi\u00f3n conectada\u2026). La informaci\u00f3n almacenada puede ser devuelta a nuestros servidores o a los servidores de terceros relevantes durante una visita posterior.<\/span><\/p><p><span style=\"font-weight: 400;\">Un script es un fragmento de c\u00f3digo de programa que se utiliza para hacer que nuestra web funcione correctamente y de forma interactiva. Este c\u00f3digo se ejecuta en nuestro servidor o en el dispositivo del usuario.<\/span><\/p><p><span style=\"font-weight: 400;\">Una baliza web (o una etiqueta de p\u00edxel) es una peque\u00f1a e invisible pieza de texto o imagen en una web que se utiliza para hacer seguimiento del tr\u00e1fico en una web.\u00a0<\/span><\/p><p><b><i>Seg\u00fan la entidad que las gestione, las cookies pueden ser:<\/i><\/b><\/p><ul><li style=\"font-weight: 400;\" aria-level=\"2\"><i><span style=\"font-weight: 400;\">Propias<\/span><\/i><\/li><\/ul><p>\u00a0<\/p><p><span style=\"font-weight: 400;\">Las cookies propias son archivos enviados desde nuestros servidores o dominios directamente al dispositivo del usuario. Son originadas y gestionadas por nosotros, y su uso contribuye al correcto funcionamiento y personalizaci\u00f3n de la experiencia del usuario.\u00a0<\/span><\/p><ul><li style=\"font-weight: 400;\" aria-level=\"2\"><i><span style=\"font-weight: 400;\">De terceros<\/span><\/i><\/li><\/ul><p>\u00a0<\/p><p><span style=\"font-weight: 400;\">El Sitio Web puede utilizar cookies instaladas por terceros para realizar un an\u00e1lisis estad\u00edstico sobre la navegaci\u00f3n de los usuarios o mostrar contenido publicitario personalizado. Es importante tener en cuenta que, en caso de aceptar las cookies de terceros, ser\u00e1 responsabilidad del usuario eliminarlas desde las opciones del navegador o mediante el sistema proporcionado por el propio tercero.<\/span><\/p><p><span style=\"font-weight: 400;\">Tanto esta Web como sus representantes legales no se hacen responsables ni del contenido ni de la veracidad de las pol\u00edticas de privacidad que puedan tener los terceros mencionados en esta pol\u00edtica de cookies. Los navegadores web son las herramientas encargadas de almacenar las cookies, y desde este lugar, los usuarios deben ejercitar su derecho a la eliminaci\u00f3n o desactivaci\u00f3n de las mismas. Ni esta Web ni sus representantes legales pueden garantizar la correcta o incorrecta manipulaci\u00f3n de las cookies por parte de dichos navegadores.\u00a0<\/span><\/p><p><b><i>Seg\u00fan su caducidad, las cookies pueden ser:<\/i><\/b><\/p><ul><li style=\"font-weight: 400;\" aria-level=\"2\"><i><span style=\"font-weight: 400;\">Cookies de Sesi\u00f3n<\/span><\/i><\/li><\/ul><p>\u00a0<\/p><p><span style=\"font-weight: 400;\">Cookies temporales, permanecen en el archivo de cookies del navegador solo durante la sesi\u00f3n en nuestra web y no se almacenan en el dispositivo despu\u00e9s de cerrar la sesi\u00f3n o el navegador.<\/span><\/p><ul><li style=\"font-weight: 400;\" aria-level=\"2\"><i><span style=\"font-weight: 400;\">Cookies Persistentes<\/span><\/i><\/li><\/ul><p>\u00a0<\/p><p><span style=\"font-weight: 400;\">Almacenan informaci\u00f3n en el dispositivo y permanecen despu\u00e9s de cerrar la sesi\u00f3n o el navegador. Se utilizan para recordar informaci\u00f3n y configuraciones entre visitas, proporcionando una experiencia personalizada a lo largo del tiempo.<\/span><\/p><p><b><i>Seg\u00fan su finalidad, las cookies pueden ser:<\/i><\/b><\/p><ul><li style=\"font-weight: 400;\" aria-level=\"2\"><i><span style=\"font-weight: 400;\">Cookies t\u00e9cnicas o funcionales<\/span><\/i><\/li><\/ul><p>\u00a0<\/p><p><span style=\"font-weight: 400;\">Algunas cookies aseguran que ciertas partes de la web funcionen correctamente y que las preferencias de usuario puedan recordarse. Al colocar cookies funcionales, facilitamos la visita y uso de nuestra web. De esta manera, no es necesario introducir repetidamente la misma informaci\u00f3n cuando se visita nuestra web y, por ejemplo, los art\u00edculos permanecen en la cesta de la compra hasta que el usuario finalice la compra. La normativa nos permite colocar estas cookies sin tu consentimiento.<\/span><\/p><ul><li style=\"font-weight: 400;\" aria-level=\"2\"><i><span style=\"font-weight: 400;\">Cookies anal\u00edticas<\/span><\/i><\/li><\/ul><p>\u00a0<\/p><p><span style=\"font-weight: 400;\">Estas cookies se utilizan para optimizar la experiencia en el sitio web. Estas cookies permiten el seguimiento y an\u00e1lisis del comportamiento de los usuarios de los sitios web. Para su inserci\u00f3n, es necesario el consentimiento del usuario. Esta informaci\u00f3n es valiosa para mejorar y ajustar contenido y dise\u00f1o, asegurando una experiencia m\u00e1s eficiente y personalizada.<\/span><\/p><ul><li style=\"font-weight: 400;\" aria-level=\"2\"><i><span style=\"font-weight: 400;\">Cookies de publicidad o marketing<\/span><\/i><\/li><\/ul><p>\u00a0<\/p><p><span style=\"font-weight: 400;\">Almacenan informaci\u00f3n del comportamiento de los usuarios obtenida a trav\u00e9s de la observaci\u00f3n continuada de sus h\u00e1bitos de navegaci\u00f3n, lo que permite desarrollar un perfil espec\u00edfico para mostrar publicidad en funci\u00f3n del mismo. Tanto nosotros como terceros recopilamos informaci\u00f3n sobre los resultados de la campa\u00f1a bas\u00e1ndonos en un perfil creado a partir de los clics y la navegaci\u00f3n del usuario. Con estas cookies el usuario, como visitante de la web, est\u00e1 vinculado a un ID \u00fanico. Es necesario el consentimiento del usuario para insertar estas cookies.<\/span><\/p><ul><li style=\"font-weight: 400;\" aria-level=\"2\"><i><span style=\"font-weight: 400;\">Botones de medios sociales<\/span><\/i><\/li><\/ul><p>\u00a0<\/p><p><span style=\"font-weight: 400;\">Son botones que se utilizan para promocionar p\u00e1ginas (p. ej. \u00abme gusta\u00bb, \u00abpin\u00bb) o compartirlas (p. ej. \u00abtuitear\u00bb) en redes sociales como Facebook. Estos botones funcionan usando c\u00f3digo de estas RRSS; este c\u00f3digo incrusta cookies. Estos botones de redes sociales pueden almacenar y procesar cierta informaci\u00f3n, de esta manera puede ser mostrado un anuncio personalizado.<\/span><\/p><p><span style=\"font-weight: 400;\">Al clicar en esos botones, aceptas el uso de cookies por dichas redes sociales, cuya relaci\u00f3n ser\u00e1 exclusivamente regulada por la pol\u00edtica de privacidad de las respectivas entidades. Por favor lee la pol\u00edtica de privacidad de estas redes sociales (que puede cambiar frecuentemente) para saber qu\u00e9 hacen con tus datos (personales) que procesan usando estas cookies.<\/span><\/p><p><b><i>En esta web se utilizan las siguientes cookies<\/i><\/b><\/p><table><tbody><tr><td><b>FINALIDAD<\/b><\/td><td colspan=\"3\"><b>T\u00c9CNICAS<\/b><\/td><\/tr><tr><td><span style=\"font-weight: 400;\">NOMBRE DE LA COOKIE<\/span><\/td><td><span style=\"font-weight: 400;\">DESCRIPCI\u00d3N\/FINALIDAD<\/span><\/td><td><span style=\"font-weight: 400;\">GESTI\u00d3N<\/span><\/td><td><span style=\"font-weight: 400;\">CADUCIDAD<\/span><\/td><\/tr><tr><td><p><span style=\"font-weight: 400;\">hasConsent<\/span><\/p><p><span style=\"font-weight: 400;\">hasConsents<\/span><\/p><\/td><td><span style=\"font-weight: 400;\">Cookies usadas para recordar la aceptaci\u00f3n de la pol\u00edtica de cookies por parte del usuario.<\/span><\/td><td><span style=\"font-weight: 400;\">Propia<\/span><\/td><td><span style=\"font-weight: 400;\">1 a\u00f1o<\/span><\/td><\/tr><tr><td><p><span style=\"font-weight: 400;\">woocommerce_cart_hash<\/span><\/p><p><span style=\"font-weight: 400;\">woocommerce_items_in_cart<\/span><\/p><\/td><td><span style=\"font-weight: 400;\">Cookies que almacenan informaci\u00f3n sobre el carrito de la compra del cliente, sus art\u00edculos y los productos visualizados.<\/span><\/td><td><span style=\"font-weight: 400;\">Propias<\/span><\/td><td><span style=\"font-weight: 400;\">De Sesi\u00f3n<\/span><\/td><\/tr><tr><td><span style=\"font-weight: 400;\">wp_woocommerce_session_<\/span><\/td><td><span style=\"font-weight: 400;\">Cookie utilizada para llevar un registro de los datos del carrito.<\/span><\/td><td><span style=\"font-weight: 400;\">Propia<\/span><\/td><td><span style=\"font-weight: 400;\">2 d\u00edas<\/span><\/td><\/tr><tr><td><span style=\"font-weight: 400;\">woo-share<\/span><\/td><td><span style=\"font-weight: 400;\">Facilita el uso de botones para compartir contenido de la web en redes sociales.<\/span><\/td><td><span style=\"font-weight: 400;\">Propia<\/span><\/td><td><span style=\"font-weight: 400;\">2 meses<\/span><\/td><\/tr><\/tbody><\/table><table><tbody><tr><td><b>FINALIDAD<\/b><\/td><td colspan=\"3\"><b>ANAL\u00cdTICAS<\/b><\/td><\/tr><tr><td><span style=\"font-weight: 400;\">NOMBRE DE LA COOKIE<\/span><\/td><td><span style=\"font-weight: 400;\">DESCRIPCI\u00d3N\/FINALIDAD<\/span><\/td><td><span style=\"font-weight: 400;\">GESTI\u00d3N<\/span><\/td><td><span style=\"font-weight: 400;\">CADUCIDAD<\/span><\/td><\/tr><tr><td><span style=\"font-weight: 400;\">_ga, _ga_xxx<\/span><\/td><td><p><span style=\"font-weight: 400;\">Cookies de Google Analytics. Informes estad\u00edsticos sobre como los usuarios encuentran la p\u00e1gina web y c\u00f3mo la utilizan: p\u00e1ginas visitadas, tiempo de estancia, tipo de navegador\u2026<\/span><\/p><p><span style=\"font-weight: 400;\">_ga y _ga_xxx: Se usan para distinguir a los usuarios.<\/span><\/p><p><a href=\"http:\/\/www.google.com\/intl\/es\/policies\/\"><span style=\"font-weight: 400;\">M\u00e1s informaci\u00f3n<\/span><\/a><\/p><\/td><td><span style=\"font-weight: 400;\">De terceros<\/span><\/td><td><span style=\"font-weight: 400;\">_ga, _ga<\/span><b>_<\/b><span style=\"font-weight: 400;\">xxx: 2 a\u00f1os<\/span><\/td><\/tr><tr><td><span style=\"font-weight: 400;\">sbjs_current, sbjs_current_add<\/span><\/td><td><span style=\"font-weight: 400;\">Registran la fuente de tr\u00e1fico m\u00e1s reciente del usuario (por ejemplo, si accedi\u00f3 desde un motor de b\u00fasqueda, un enlace de referencia o una campa\u00f1a publicitaria).<\/span><\/td><td><span style=\"font-weight: 400;\">De Terceros<\/span><\/td><td><span style=\"font-weight: 400;\">De Sesi\u00f3n<\/span><\/td><\/tr><tr><td><span style=\"font-weight: 400;\">sbjs_first, sbjs_first_add<\/span><\/td><td><span style=\"font-weight: 400;\">Almacenan informaci\u00f3n sobre la primera fuente de tr\u00e1fico a trav\u00e9s de la cual el usuario lleg\u00f3 al sitio.<\/span><\/td><td><span style=\"font-weight: 400;\">De Terceros<\/span><\/td><td><span style=\"font-weight: 400;\">De Sesi\u00f3n<\/span><\/td><\/tr><tr><td><span style=\"font-weight: 400;\">sbjs_udata<\/span><\/td><td><span style=\"font-weight: 400;\">Puede contener datos sobre el historial de fuentes de tr\u00e1fico del usuario.<\/span><\/td><td><span style=\"font-weight: 400;\">De Terceros<\/span><\/td><td><span style=\"font-weight: 400;\">De Sesi\u00f3n<\/span><\/td><\/tr><tr><td><span style=\"font-weight: 400;\">sbjs_session<\/span><\/td><td><span style=\"font-weight: 400;\">Identifica si una visita es parte de una nueva sesi\u00f3n o una sesi\u00f3n existente.<\/span><\/td><td><span style=\"font-weight: 400;\">De Terceros<\/span><\/td><td><span style=\"font-weight: 400;\">30 min<\/span><\/td><\/tr><tr><td><span style=\"font-weight: 400;\">sbjs_migrations<\/span><\/td><td><span style=\"font-weight: 400;\">Ayuda a gestionar cambios en las versiones del sistema de rastreo de tr\u00e1fico.<\/span><\/td><td><span style=\"font-weight: 400;\">De Terceros<\/span><\/td><td><span style=\"font-weight: 400;\">De Sesi\u00f3n<\/span><\/td><\/tr><\/tbody><\/table><p><br \/><b><i>En esta web tambi\u00e9n utilizan otras cookies de nuestros socios<\/i><\/b><\/p><p><span style=\"font-weight: 400;\">El sitio web puede hacer uso de cookies instaladas por terceros con el fin de realizar un an\u00e1lisis estad\u00edstico sobre la navegaci\u00f3n de los usuarios o mostrar contenido publicitario personalizado, que no ha sido identificado previamente en el cuadro anterior. A continuaci\u00f3n, te proporcionamos un listado de nuestros socios:<\/span><\/p><ul><li style=\"font-weight: 400;\" aria-level=\"1\"><a href=\"http:\/\/www.google.com\/intl\/es\/policies\/\"><span style=\"font-weight: 400;\">Google<\/span><\/a><\/li><\/ul><p>\u00a0<\/p><p><span style=\"font-weight: 400;\">Te recomendamos revisar las pol\u00edticas de privacidad de estos socios para obtener informaci\u00f3n detallada sobre c\u00f3mo utilizas las cookies.<\/span><\/p><p><b><i>Consentimiento y configuraci\u00f3n de cookies<\/i><\/b><\/p><p><span style=\"font-weight: 400;\">Cuando visites nuestra web por primera vez, te mostraremos una ventana emergente con una explicaci\u00f3n sobre las cookies (\u201cprimera capa\u201d). Tan pronto como hagas clic en el bot\u00f3n de aceptaci\u00f3n, aceptas que usemos las categor\u00edas de cookies y plugins que has seleccionado en la ventana emergente, tal y como se describe en esta pol\u00edtica de cookies. Puedes desactivar el uso de cookies a trav\u00e9s de tu navegador o gestionar tus preferencias a trav\u00e9s del <\/span><a href=\"https:\/\/musicaleselanuario.com\/en\/personalizar-cookies\/\"><span style=\"font-weight: 400;\">siguiente enlace<\/span><\/a><span style=\"font-weight: 400;\"> de cookies de nuestro sitio web.<\/span><\/p><p><b><i>Tus derechos con respecto a los datos personales<\/i><\/b><\/p><p><span style=\"font-weight: 400;\">Visita nuestra pol\u00edtica de privacidad para conocer tus derechos con respecto al tratamiento de datos personales, y c\u00f3mo ejercerlos.<\/span><\/p><p><b><i>Activaci\u00f3n, desactivaci\u00f3n y eliminaci\u00f3n de cookies<\/i><\/b><\/p><p><span style=\"font-weight: 400;\">Puedes utilizar tu navegador de Internet para eliminar las cookies de forma autom\u00e1tica o manual. Tambi\u00e9n puedes especificar que ciertas cookies no pueden ser colocadas. Otra opci\u00f3n es cambiar los ajustes de tu navegador de Internet para que recibas un mensaje cada vez que se coloca una cookie. Para obtener m\u00e1s informaci\u00f3n sobre estas opciones, consulta las instrucciones de la secci\u00f3n de \u00abAyuda\u00bb de tu navegador.<\/span><\/p><p><span style=\"font-weight: 400;\">Ten en cuenta que nuestra web puede no funcionar correctamente si todas las cookies est\u00e1n desactivadas. Si borras las cookies de tu navegador, se volver\u00e1n a colocar despu\u00e9s de tu consentimiento cuando vuelvas a visitar nuestras webs.<\/span><\/p>\t\t\t\t\t\t\t\t<\/div>\n\t\t\t\t<\/div>\n\t\t\t\t\t<\/div>\n\t\t\t\t<\/div>\n\t\t\t\t<\/div>","protected":false},"excerpt":{"rendered":"<p>Introducci\u00f3n En cumplimiento de la Ley 34\/2002, de 11 de julio, de Servicios de la Sociedad de la Informaci\u00f3n y Comercio Electr\u00f3nico informamos al Usuario de la utilizaci\u00f3n de cookies en la web de \u201cFrames Alive\u201d. Las cookies permiten, entre otras cosas, recopilar informaci\u00f3n estad\u00edstica, facilitar ciertas funcionalidades t\u00e9cnicas, almacenar y recuperar informaci\u00f3n sobre los [&hellip;]<\/p>","protected":false},"author":2,"featured_media":0,"parent":0,"menu_order":0,"comment_status":"closed","ping_status":"closed","template":"","meta":{"footnotes":""},"class_list":["post-29","page","type-page","status-publish","hentry"],"_links":{"self":[{"href":"https:\/\/musicaleselanuario.com\/en\/wp-json\/wp\/v2\/pages\/29","targetHints":{"allow":["GET"]}}],"collection":[{"href":"https:\/\/musicaleselanuario.com\/en\/wp-json\/wp\/v2\/pages"}],"about":[{"href":"https:\/\/musicaleselanuario.com\/en\/wp-json\/wp\/v2\/types\/page"}],"author":[{"embeddable":true,"href":"https:\/\/musicaleselanuario.com\/en\/wp-json\/wp\/v2\/users\/2"}],"replies":[{"embeddable":true,"href":"https:\/\/musicaleselanuario.com\/en\/wp-json\/wp\/v2\/comments?post=29"}],"version-history":[{"count":21,"href":"https:\/\/musicaleselanuario.com\/en\/wp-json\/wp\/v2\/pages\/29\/revisions"}],"predecessor-version":[{"id":1474,"href":"https:\/\/musicaleselanuario.com\/en\/wp-json\/wp\/v2\/pages\/29\/revisions\/1474"}],"wp:attachment":[{"href":"https:\/\/musicaleselanuario.com\/en\/wp-json\/wp\/v2\/media?parent=29"}],"curies":[{"name":"wp","href":"https:\/\/api.w.org\/{rel}","templated":true}]}}