{"id":28,"date":"2025-05-07T11:13:31","date_gmt":"2025-05-07T11:13:31","guid":{"rendered":"https:\/\/anuario.q-alia.com\/politica-de-privacidad\/"},"modified":"2025-06-17T12:19:26","modified_gmt":"2025-06-17T10:19:26","slug":"politica-de-privacidad","status":"publish","type":"page","link":"https:\/\/musicaleselanuario.com\/en\/politica-de-privacidad\/","title":{"rendered":"Privacy Policy"},"content":{"rendered":"<div data-elementor-type=\"wp-page\" data-elementor-id=\"28\" class=\"elementor elementor-28\" data-elementor-post-type=\"page\">\n\t\t\t\t<div data-particle_enable=\"false\" data-particle-mobile-disabled=\"false\" class=\"elementor-element elementor-element-3885760 e-flex e-con-boxed e-con e-parent\" data-id=\"3885760\" data-element_type=\"container\">\n\t\t\t\t\t<div class=\"e-con-inner\">\n\t\t\t\t<div class=\"elementor-element elementor-element-69ce330 elementor-widget elementor-widget-text-editor\" data-id=\"69ce330\" data-element_type=\"widget\" data-widget_type=\"text-editor.default\">\n\t\t\t\t<div class=\"elementor-widget-container\">\n\t\t\t\t\t\t\t\t\t<p><span style=\"font-weight: 400;\">\u201cFrames Alive\u201d se encuentra profundamente comprometido con el cumplimiento de la normativa espa\u00f1ola y europea de protecci\u00f3n de datos de car\u00e1cter personal, y garantiza el cumplimiento \u00edntegro de las obligaciones dispuestas, as\u00ed como la implementaci\u00f3n de las medidas de seguridad dispuestas en el Reglamento General de Protecci\u00f3n de Datos (RGPD) (UE) 2016\/679, de 27 de abril, y en la Ley Org\u00e1nica 3\/2018, de 5 de diciembre, de Protecci\u00f3n de Datos Personales y garant\u00eda de los derechos digitales (LOPD y GDD, en adelante LOPD).<\/span><\/p><p><span style=\"font-weight: 400;\">De conformidad con estas normativas, informamos que la utilizaci\u00f3n de nuestra web puede requerir que se faciliten ciertos datos personales a trav\u00e9s de formularios de registro o contacto, o mediante el env\u00edo de emails, y que \u00e9stos ser\u00e1n objeto de tratamiento por \u201cFrames Alive\u201d, Responsable del tratamiento, cuyos datos son:<\/span><\/p><ul><li style=\"font-weight: 400;\" aria-level=\"1\"><b>Denominaci\u00f3n Social<\/b><span style=\"font-weight: 400;\">: Frames Alive, S.L.<\/span><\/li><li style=\"font-weight: 400;\" aria-level=\"1\"><b>CIF<\/b><span style=\"font-weight: 400;\">: B06805956<\/span><b>\u00a0<\/b><\/li><li style=\"font-weight: 400;\" aria-level=\"1\"><b>Domicilio Social<\/b><span style=\"font-weight: 400;\">: C\/ del Capit\u00e1n Blanco Argibay, 134, 4A &#8211; 28029, Tetu\u00e1n, Madrid &#8211; Espa\u00f1a<\/span><\/li><li style=\"font-weight: 400;\" aria-level=\"1\"><b>Phone Number<\/b><span style=\"font-weight: 400;\">: 620 126 403<\/span><\/li><li style=\"font-weight: 400;\" aria-level=\"1\"><b>eMail<\/b><span style=\"font-weight: 400;\">: musicales@framesalive.com<\/span><\/li><\/ul><p>\u00a0<\/p><p><b><i>Obtenci\u00f3n y Tratamiento de Datos Personales<\/i><\/b><\/p><p><span style=\"font-weight: 400;\">Un dato personal es cualquier informaci\u00f3n relativa a una persona: nombre, email, domicilio, tel\u00e9fono, NIF\/NIE&#8230; Adicionalmente, cuando un Usuario visita nuestro sitio web, determinada informaci\u00f3n se almacena autom\u00e1ticamente por motivos t\u00e9cnicos, como la direcci\u00f3n IP asignada por su proveedor de acceso a Internet.<\/span><\/p><p><span style=\"font-weight: 400;\">\u201cFrames Alive\u201d, como Responsable del Tratamiento, tiene el deber de informar a los Usuarios de su sitio web acerca de la recogida de datos de car\u00e1cter personal que pueden llevarse a cabo, bien sea mediante el env\u00edo de correo electr\u00f3nico o al cumplimentar los formularios incluidos en el sitio web.<\/span><\/p><p><span style=\"font-weight: 400;\">Se obtendr\u00e1n \u00fanicamente los datos precisos para poder realizar el servicio contratado, o para poder responder adecuadamente a la petici\u00f3n de informaci\u00f3n realizada por el Usuario. Los datos recabados son identificativos y corresponden a un m\u00ednimo razonable para poder llevar a t\u00e9rmino la actividad realizada.<\/span> <span style=\"font-weight: 400;\">En particular, no se recogen datos especialmente protegidos en ning\u00fan momento.<\/span> <span style=\"font-weight: 400;\">En ning\u00fan caso se realizar\u00e1 un uso diferente de los datos que la finalidad para los que han sido recabados.<\/span><\/p><p><b><u>Formularios de contacto\/email\u00a0<\/u><\/b><\/p><p><i><span style=\"font-weight: 400;\">Finalidad<\/span><\/i><span style=\"font-weight: 400;\">: Dar contestaci\u00f3n a su solicitud de informaci\u00f3n realizada a trav\u00e9s de nuestro\/s formulario\/s de contacto.<\/span><\/p><p><i><span style=\"font-weight: 400;\">Legitimaci\u00f3n<\/span><\/i><span style=\"font-weight: 400;\">: La base jur\u00eddica que legitima este tratamiento es el consentimiento del Usuario, que podr\u00e1 revocar en cualquier momento.<\/span><\/p><p><i><span style=\"font-weight: 400;\">Cesi\u00f3n de datos<\/span><\/i><span style=\"font-weight: 400;\">: Los datos personales ser\u00e1n tratados a trav\u00e9s de servidores gestionados por <\/span><a href=\"https:\/\/www.ovh.es\/\"><span style=\"font-weight: 400;\">OVH<\/span><\/a><span style=\"font-weight: 400;\">, que tendr\u00e1 la consideraci\u00f3n de Encargado del Tratamiento.<\/span><\/p><p><span style=\"text-decoration: underline;\"><strong>Formularios de alta en lista de correo (newsletter)\u00a0<\/strong><\/span><\/p><p><i><span style=\"font-weight: 400;\">Finalidad<\/span><\/i><span style=\"font-weight: 400;\">: Env\u00edo de comunicaciones, algunas de ellas comerciales, de inter\u00e9s para el Usuarios seg\u00fan la tem\u00e1tica de la web. Tal y como establece la LSSICE, \u201cFrames Alive\u201d se compromete a no remitir comunicaciones comerciales sin identificarlas como tales. A estos efectos, no ser\u00e1 considerada como comunicaci\u00f3n comercial la informaci\u00f3n enviada a los clientes para el mantenimiento de la relaci\u00f3n contractual existente, de haberla.<\/span><\/p><p><i><span style=\"font-weight: 400;\">Legitimaci\u00f3n<\/span><\/i><span style=\"font-weight: 400;\">: La base jur\u00eddica que legitima este tratamiento es el consentimiento del Usuario, que podr\u00e1 revocar en cualquier momento.<\/span><\/p><p><i><span style=\"font-weight: 400;\">Cesi\u00f3n de datos<\/span><\/i><span style=\"font-weight: 400;\">: Los datos personales ser\u00e1n tratados a trav\u00e9s de servidores gestionados por <\/span><a href=\"https:\/\/mailchimp.com\/\"><span style=\"font-weight: 400;\">Mailchimp<\/span><\/a><span style=\"font-weight: 400;\">, que tendr\u00e1 la consideraci\u00f3n de Encargado del Tratamiento.<\/span><\/p><p><strong><span style=\"text-decoration: underline;\">Formularios de inscripci\u00f3n al anuario\u00a0<\/span><\/strong><\/p><p><i><span style=\"font-weight: 400;\">Finalidad<\/span><\/i><span style=\"font-weight: 400;\">: Dar contestaci\u00f3n a su solicitud de registro y de ser validada, tramitar el alta en la base de datos de nuestro anuario a trav\u00e9s de nuestro formulario de inscripci\u00f3n.<\/span><\/p><p><i><span style=\"font-weight: 400;\">Legitimaci\u00f3n<\/span><\/i><span style=\"font-weight: 400;\">: La base jur\u00eddica que legitima este tratamiento es el consentimiento del Usuario, que podr\u00e1 revocar en cualquier momento.<\/span><\/p><p><i><span style=\"font-weight: 400;\">Cesi\u00f3n de datos<\/span><\/i><span style=\"font-weight: 400;\">: Los datos personales ser\u00e1n tratados a trav\u00e9s de servidores gestionados por<\/span> <a href=\"https:\/\/www.ovh.es\/\"><span style=\"font-weight: 400;\">OVH<\/span><\/a><span style=\"font-weight: 400;\">, que tendr\u00e1 la consideraci\u00f3n de Encargado del Tratamiento.<\/span><\/p><p><strong><span style=\"text-decoration: underline;\">Formularios de contrataci\u00f3n<\/span><\/strong><\/p><p><i><span style=\"font-weight: 400;\">Finalidades<\/span><\/i><span style=\"font-weight: 400;\">:<\/span><\/p><ul><li style=\"font-weight: 400;\" aria-level=\"1\"><span style=\"font-weight: 400;\">Gestionar las compras realizadas.<\/span><\/li><li style=\"font-weight: 400;\" aria-level=\"1\"><span style=\"font-weight: 400;\">Proporcionar informaci\u00f3n acerca de la tramitaci\u00f3n y el estado de las compras.<\/span><\/li><li style=\"font-weight: 400;\" aria-level=\"1\"><span style=\"font-weight: 400;\">Env\u00edo de comunicaciones v\u00eda email y\/o tel\u00e9fono, con el fin de informar al Usuario de posibles incidencias, errores, problemas y\/o estado de los pedidos.<\/span><\/li><\/ul><p>\u00a0<\/p><p><i><span style=\"font-weight: 400;\">Legitimaci\u00f3n<\/span><\/i><span style=\"font-weight: 400;\">: La base jur\u00eddica que legitima este tratamiento es la ejecuci\u00f3n de un contrato.<\/span><\/p><p><i><span style=\"font-weight: 400;\">Cesi\u00f3n de datos<\/span><\/i><span style=\"font-weight: 400;\">: \u201cFrames Alive\u201d no ceder\u00e1 ni comunicar\u00e1 a ning\u00fan tercero tus datos, excepto en los casos legalmente previstos o cuando sea estrictamente necesario para la prestaci\u00f3n de un servicio. Concretamente, los datos podr\u00e1n ser cedidos a:<\/span><\/p><ul><li style=\"font-weight: 400;\" aria-level=\"1\"><span style=\"font-weight: 400;\">Proveedores de servicios tecnol\u00f3gicos o inform\u00e1ticos.<\/span><\/li><li style=\"font-weight: 400;\" aria-level=\"1\"><span style=\"font-weight: 400;\">Proveedores de servicios de pago.<\/span><\/li><li style=\"font-weight: 400;\" aria-level=\"1\"><span style=\"font-weight: 400;\">Empresas de mensajer\u00eda y paqueter\u00eda.<\/span><\/li><li style=\"font-weight: 400;\" aria-level=\"1\"><span style=\"font-weight: 400;\">Terceros o intermediarios, en calidad de prestadores de servicios, que operen en nuestro propio nombre (gestor\u00eda, asesor\u00eda\u2026).<\/span><\/li><\/ul><p>\u00a0<\/p><p><span style=\"font-weight: 400;\">Las cesiones de datos se producir\u00e1n respetando la m\u00e1s estricta confidencialidad, empleando las medidas necesarias, tales como la firma de contratos de confidencialidad, o la adhesi\u00f3n a sus pol\u00edticas de privacidad establecidas en sus respectivas p\u00e1ginas web. El Usuario podr\u00e1 negarse a la cesi\u00f3n de sus datos a los Encargados del Tratamiento, mediante petici\u00f3n escrita, por cualquiera de los medios anteriormente referenciados.<\/span><\/p><p><span style=\"font-weight: 400;\">Adem\u00e1s, en aquellos casos en que sea necesario, los datos de Clientes podr\u00e1n ser cedidos a determinados organismos, en cumplimiento de una obligaci\u00f3n legal: Agencia Tributaria Espa\u00f1ola, entidades bancarias, Inspecci\u00f3n de Trabajo, etc.<\/span><\/p><p><b><i>Menores de edad<\/i><\/b><\/p><p><span style=\"font-weight: 400;\">Solo podr\u00e1n aportar datos personales en este sitio web las personas mayores de 14 a\u00f1os. Seg\u00fan obliga la LOPD y GDD, en caso de menores de 14 a\u00f1os, ser\u00e1 condici\u00f3n obligatoria el consentimiento de sus padres o tutores para que podamos tratar sus datos personales.<\/span><\/p><p><span style=\"font-weight: 400;\">Por otra parte, solo podr\u00e1n contratar nuestros servicios las personas mayores de 18 a\u00f1os. En caso de menores de 18 a\u00f1os, ser\u00e1 condici\u00f3n obligatoria el consentimiento de sus padres o tutores legales para que podamos prestar los servicios ofertados, salvo que el menor est\u00e9 emancipado.<\/span><\/p><p><b><i>Medidas de Seguridad<\/i><\/b><\/p><p><span style=\"font-weight: 400;\">Se informa a los Usuarios de la web de \u201cFrames Alive\u201d de que se\u00a0han adoptado las medidas de seguridad, t\u00e9cnicas y organizativas a nuestro alcance para evitar la p\u00e9rdida, mal uso, alteraci\u00f3n, acceso no autorizado y robo de los datos, y que garantizan as\u00ed la confidencialidad, integridad y calidad de la informaci\u00f3n contenida en las mismas, de acuerdo con lo establecido en la normativa vigente en materia de protecci\u00f3n de datos. Los datos personales que se recogen en los formularios son objeto de tratamiento, \u00fanicamente,\u00a0por parte del personal de \u201cFrames Alive\u201d o de los Encargados del Tratamiento designados.<\/span><\/p><p><span style=\"font-weight: 400;\">El Sitio Web de \u201cFrames Alive\u201d cuenta adem\u00e1s con un cifrado SSL, que permite al Usuario el env\u00edo seguro de sus datos personales a trav\u00e9s de los formularios de contacto o registro del sitio web.<\/span><\/p><p><b><i>Veracidad de los datos<\/i><\/b><\/p><p><span style=\"font-weight: 400;\">El Usuario manifiesta que todos los datos facilitados por \u00e9l son ciertos y correctos y se compromete a mantenerlos actualizados. El Usuario responder\u00e1 de la veracidad de sus datos y ser\u00e1 el \u00fanico responsable de cuantos conflictos o litigios pudieran resultar por la falsedad de los mismos. Es importante que, para que podamos mantener los datos personales actualizados, el Usuario informe a \u201cFrames Alive\u201d siempre que haya habido alguna modificaci\u00f3n en los mismos.<\/span><\/p><p><b><i>Cesi\u00f3n de datos<\/i><\/b><\/p><p><span style=\"font-weight: 400;\">\u201cFrames Alive\u201d no ceder\u00e1 ni comunicar\u00e1 a ning\u00fan tercero tus datos, excepto en los casos legalmente previstos o cuando la prestaci\u00f3n de un servicio implique la necesidad de una relaci\u00f3n contractual con un Encargado de Tratamiento. As\u00ed, el Usuario acepta que algunos de los datos personales recabados sean facilitados a estos Encargados del Tratamiento (plataformas de pago, gestor\u00eda, intermediarios, etc.), cuando sea necesario para la efectiva realizaci\u00f3n de un servicio contratado o producto adquirido. El Usuario acepta tambi\u00e9n que, en caso de prestaci\u00f3n de servicios, \u00e9stos puedan ser, total o parcialmente, subcontratados a otras personas o empresas, que tendr\u00e1n la consideraci\u00f3n de Encargados del Tratamiento, con los que se ha convenido el correspondiente contrato de confidencialidad, o adherido a sus pol\u00edticas de privacidad, establecidas en sus respectivas p\u00e1ginas web. El Usuario podr\u00e1 negarse a la cesi\u00f3n de sus datos a los Encargados del Tratamiento, mediante petici\u00f3n escrita, por cualquiera de los medios anteriormente referenciados.<\/span><\/p><p><span style=\"font-weight: 400;\">Adem\u00e1s, en aquellos casos en que sea necesario, los datos de Clientes podr\u00e1n ser cedidos a determinados organismos, en cumplimiento de una obligaci\u00f3n legal: Agencia Tributaria Espa\u00f1ola, entidades bancarias, Inspecci\u00f3n de Trabajo, etc.<\/span><\/p><p><b><i>Ejercicio de Derechos del Usuario<\/i><\/b><\/p><p><span style=\"font-weight: 400;\">La LOPD y GDD y el RGPD conceden a los interesados la posibilidad de ejercer una serie de derechos relacionados con el tratamiento de sus datos personales. Para ello, el Usuario deber\u00e1 dirigirse, mediante correo electr\u00f3nico a musicales@framesalive.com, o bien mediante comunicaci\u00f3n escrita a la direcci\u00f3n que aparece en nuestro Aviso Legal, identific\u00e1ndose adecuadamente. Dicha comunicaci\u00f3n deber\u00e1 reflejar la siguiente informaci\u00f3n: nombre y apellidos del Usuario, el objeto de la solicitud, el domicilio y los datos acreditativos.<\/span><\/p><p><span style=\"font-weight: 400;\">El ejercicio de derechos deber\u00e1 ser realizado por el propio Usuario. No obstante, podr\u00e1n ser ejecutados por una persona autorizada como representante legal del Usuario, aport\u00e1ndose la documentaci\u00f3n que acredite dicha representaci\u00f3n.<\/span><\/p><p><span style=\"font-weight: 400;\">El Usuario podr\u00e1 solicitar el ejercicio de los derechos siguientes:<\/span><\/p><ul><li style=\"font-weight: 400;\" aria-level=\"1\"><span style=\"font-weight: 400;\">Derecho a solicitar el <\/span><b>acceso<\/b><span style=\"font-weight: 400;\"> a los datos personales, que es el derecho a obtener informaci\u00f3n sobre si sus propios datos de car\u00e1cter personal est\u00e1n siendo objeto de tratamiento, la finalidad del tratamiento que, en su caso, se est\u00e9 realizando, as\u00ed como la informaci\u00f3n disponible sobre el origen de dichos datos y las comunicaciones realizadas o previstas de los mismos.<\/span><\/li><li style=\"font-weight: 400;\" aria-level=\"1\"><span style=\"font-weight: 400;\">Derecho a solicitar su <\/span><b>rectificaci\u00f3n<\/b><span style=\"font-weight: 400;\">, en caso de que los datos personales sean incorrectos o inexactos, o <\/span><b>supresi\u00f3n <\/b><span style=\"font-weight: 400;\">de los datos que resulten ser inadecuados o excesivos.<\/span><\/li><li style=\"font-weight: 400;\" aria-level=\"1\"><span style=\"font-weight: 400;\">Derecho a solicitar la <\/span><b>limitaci\u00f3n<\/b><span style=\"font-weight: 400;\"> de su tratamiento, en cuyo caso \u00fanicamente ser\u00e1n conservados por \u201cFrames Alive\u201d los datos estrictamente necesarios para el ejercicio o la defensa de reclamaciones.<\/span><\/li><li style=\"font-weight: 400;\" aria-level=\"1\"><span style=\"font-weight: 400;\">Derecho a <\/span><b>oponerse<\/b><span style=\"font-weight: 400;\"> al tratamiento: se refiere al derecho del interesado a que no se lleve a cabo el tratamiento de sus datos personales o se cese en el mismo en los supuestos en que no sea necesario su consentimiento para el tratamiento, que se trate de ficheros de prospecci\u00f3n comerciales o que tengan la finalidad de adoptar decisiones referidas al interesado y basadas \u00fanicamente en el tratamiento automatizado de sus datos, salvo que por motivos leg\u00edtimos o el ejercicio o la defensa de posibles reclamaciones se tengan que seguir tratando.<\/span><\/li><li style=\"font-weight: 400;\" aria-level=\"1\"><span style=\"font-weight: 400;\">Derecho a la <\/span><b>portabilidad<\/b><span style=\"font-weight: 400;\"> de los datos: en caso de que quiera que sus datos sean tratados por otra empresa, \u201cFrames Alive\u201d le facilitar\u00e1 la portabilidad de sus datos en formato exportable.<\/span><\/li><\/ul><p>\u00a0<\/p><p><span style=\"font-weight: 400;\">En el caso de que se haya otorgado el consentimiento para alguna finalidad espec\u00edfica, <\/span><b>el Usuario tiene derecho a retirar el consentimiento en cualquier momento<\/b><span style=\"font-weight: 400;\">, sin que ello afecte a la licitud del tratamiento basado en el consentimiento previo a su retirada.<\/span><span style=\"font-weight: 400;\">\u00a0<\/span><\/p><p><span style=\"font-weight: 400;\">Nos comprometemos a ejecutar todos estos derechos dentro del plazo legal m\u00e1ximo (1 mes).<\/span><\/p><p><span style=\"font-weight: 400;\">Si un Usuario considera que hay un problema con la forma en que \u201cFrames Alive\u201d est\u00e1 manejando sus datos, puede dirigir sus reclamaciones al Responsable de Seguridad o a la autoridad de protecci\u00f3n de datos que corresponda, siendo la Agencia Espa\u00f1ola de Protecci\u00f3n de Datos la indicada en el caso de Espa\u00f1a.<\/span><\/p><p><b><i>Conservaci\u00f3n de los datos<\/i><\/b><\/p><p><span style=\"font-weight: 400;\">Los datos de car\u00e1cter personal de los Usuarios que usen el formulario de contacto o que nos env\u00eden un email solicitando informaci\u00f3n ser\u00e1n tratados durante el tiempo estrictamente necesario para atender a la solicitud de informaci\u00f3n, o hasta que se revoque el consentimiento otorgado.<\/span><\/p><p><span style=\"font-weight: 400;\">Los datos de car\u00e1cter personal del Cliente ser\u00e1n tratados hasta que finalice la relaci\u00f3n contractual. El per\u00edodo de conservaci\u00f3n de los datos personales ser\u00e1 el m\u00ednimo necesario, pudiendo mantenerse hasta:<\/span><\/p><ul><li style=\"font-weight: 400;\" aria-level=\"1\"><span style=\"font-weight: 400;\">4 a\u00f1os: Ley sobre Infracciones y Sanciones en el Orden Social (obligaciones en materia de afiliaci\u00f3n, altas, bajas, cotizaci\u00f3n, pago de salarios\u2026); Arts. 66 y sig. Ley General Tributaria (libros de contabilidad\u2026)<\/span><\/li><li style=\"font-weight: 400;\" aria-level=\"1\"><span style=\"font-weight: 400;\">5 a\u00f1os: Art. 1964 C\u00f3digo Civil (acciones personales sin plazo especial)<\/span><\/li><li style=\"font-weight: 400;\" aria-level=\"1\"><span style=\"font-weight: 400;\">6 a\u00f1os: Art. 30 C\u00f3digo de Comercio (libros de contabilidad, facturas\u2026)<\/span><\/li><li style=\"font-weight: 400;\" aria-level=\"1\"><span style=\"font-weight: 400;\">10 a\u00f1os: Art. 25 Ley de Prevenci\u00f3n del Blanqueo de Capitales y Financiaci\u00f3n del Terrorismo.<\/span><\/li><li style=\"font-weight: 400;\" aria-level=\"1\"><span style=\"font-weight: 400;\">Sin plazo: datos desagregados y anonimizados.<\/span><\/li><\/ul><p>\u00a0<\/p><p><span style=\"font-weight: 400;\">Por su parte, los datos de Usuarios que se den de alta en el bolet\u00edn o newsletter ser\u00e1n conservados indefinidamente, hasta que se revoque el consentimiento otorgado.<\/span><\/p><p><b><i>Redes Sociales<\/i><\/b><\/p><p><span style=\"font-weight: 400;\">\u201cFrames Alive\u201d cuenta con perfil en algunas de las principales redes sociales de Internet (Instagram, TikTok). La finalidad del tratamiento de datos por parte de \u201cFrames Alive\u201d ser\u00e1 la de informar a sus seguidores sobre sus actividades, utilizando las herramientas que la red social en cuesti\u00f3n permita, y brindar un servicio personalizado de atenci\u00f3n al usuario. El Usuario debe tener en cuenta que el uso de estas redes sociales est\u00e1 sujeto a sus respectivas condiciones de uso y pol\u00edticas de privacidad de las plataformas. \u201cFrames Alive\u201d recomienda a los Usuarios la consulta previa de estas condiciones y pol\u00edticas de privacidad antes de utilizar los enlaces o aplicaciones proporcionados.<\/span><\/p><p><span style=\"font-weight: 400;\">En ning\u00fan caso \u201cFrames Alive\u201d extraer\u00e1 datos de las redes sociales, a menos que se obtuviera puntual y expresamente el consentimiento del Usuario para ello. Adem\u00e1s, \u201cFrames Alive\u201d no se responsabiliza de las pr\u00e1cticas de privacidad de estas redes sociales o sus aplicaciones, especialmente en lo que respecta a la confidencialidad, tratamiento de datos personales y contenido.<\/span><\/p><p><b><i>Transferencias Internacionales de Datos<\/i><\/b><\/p><p><span style=\"font-weight: 400;\">\u201c<\/span><span style=\"font-weight: 400;\">Frames Alive<\/span><span style=\"font-weight: 400;\">\u201d<\/span><span style=\"font-weight: 400;\"> utiliza los servicios de env\u00edo de comunicaciones electr\u00f3nicas de la empresa <\/span><a href=\"https:\/\/mailchimp.com\/\"><span style=\"font-weight: 400;\">Mailchimp<\/span><\/a><span style=\"font-weight: 400;\">, <\/span><span style=\"font-weight: 400;\">que est\u00e1 ubicada en Estados Unidos. Se han firmado unas cl\u00e1usulas contractuales tipo aprobadas por la Comisi\u00f3n Europea con esta entidad, con la finalidad de asegurar el nivel de protecci\u00f3n adecuado en el tratamiento de tus datos personales, conforme a los criterios establecidos por RGPD.<\/span><\/p><p><b><i>Confidencialidad<\/i><\/b><\/p><p><span style=\"font-weight: 400;\">La informaci\u00f3n suministrada por el Usuario tendr\u00e1, en todo caso, la consideraci\u00f3n de confidencial, sin que pueda ser utilizada para otros fines distintos a los aqu\u00ed descritos. \u201cFrames Alive\u201d se obliga a no divulgar ni revelar informaci\u00f3n sobre las pretensiones del Usuario, los motivos del asesoramiento solicitado o la duraci\u00f3n de su relaci\u00f3n con \u00e9ste.<\/span><\/p><p><b><i>Validez<\/i><\/b><\/p><p><span style=\"font-weight: 400;\">Esta pol\u00edtica de privacidad y de protecci\u00f3n de datos ha sido redactada con fecha del 16 de junio de 2025. Podr\u00e1 variar en funci\u00f3n de los cambios de normativa y jurisprudencia que se vayan produciendo, siendo responsabilidad del titular de los datos la lectura del documento actualizado, en orden a conocer sus derechos y obligaciones al respecto en cada momento.<\/span><\/p>\t\t\t\t\t\t\t\t<\/div>\n\t\t\t\t<\/div>\n\t\t\t\t\t<\/div>\n\t\t\t\t<\/div>\n\t\t\t\t<\/div>","protected":false},"excerpt":{"rendered":"<p>\u201cFrames Alive\u201d se encuentra profundamente comprometido con el cumplimiento de la normativa espa\u00f1ola y europea de protecci\u00f3n de datos de car\u00e1cter personal, y garantiza el cumplimiento \u00edntegro de las obligaciones dispuestas, as\u00ed como la implementaci\u00f3n de las medidas de seguridad dispuestas en el Reglamento General de Protecci\u00f3n de Datos (RGPD) (UE) 2016\/679, de 27 de [&hellip;]<\/p>","protected":false},"author":2,"featured_media":0,"parent":0,"menu_order":0,"comment_status":"closed","ping_status":"closed","template":"","meta":{"footnotes":""},"class_list":["post-28","page","type-page","status-publish","hentry"],"_links":{"self":[{"href":"https:\/\/musicaleselanuario.com\/en\/wp-json\/wp\/v2\/pages\/28","targetHints":{"allow":["GET"]}}],"collection":[{"href":"https:\/\/musicaleselanuario.com\/en\/wp-json\/wp\/v2\/pages"}],"about":[{"href":"https:\/\/musicaleselanuario.com\/en\/wp-json\/wp\/v2\/types\/page"}],"author":[{"embeddable":true,"href":"https:\/\/musicaleselanuario.com\/en\/wp-json\/wp\/v2\/users\/2"}],"replies":[{"embeddable":true,"href":"https:\/\/musicaleselanuario.com\/en\/wp-json\/wp\/v2\/comments?post=28"}],"version-history":[{"count":6,"href":"https:\/\/musicaleselanuario.com\/en\/wp-json\/wp\/v2\/pages\/28\/revisions"}],"predecessor-version":[{"id":1465,"href":"https:\/\/musicaleselanuario.com\/en\/wp-json\/wp\/v2\/pages\/28\/revisions\/1465"}],"wp:attachment":[{"href":"https:\/\/musicaleselanuario.com\/en\/wp-json\/wp\/v2\/media?parent=28"}],"curies":[{"name":"wp","href":"https:\/\/api.w.org\/{rel}","templated":true}]}}