{"id":27,"date":"2025-05-07T11:13:31","date_gmt":"2025-05-07T11:13:31","guid":{"rendered":"https:\/\/anuario.q-alia.com\/aviso-legal\/"},"modified":"2025-06-17T12:15:34","modified_gmt":"2025-06-17T10:15:34","slug":"aviso-legal","status":"publish","type":"page","link":"https:\/\/musicaleselanuario.com\/en\/aviso-legal\/","title":{"rendered":"Legal Notice"},"content":{"rendered":"<div data-elementor-type=\"wp-page\" data-elementor-id=\"27\" class=\"elementor elementor-27\" data-elementor-post-type=\"page\">\n\t\t\t\t<div data-particle_enable=\"false\" data-particle-mobile-disabled=\"false\" class=\"elementor-element elementor-element-66d1914 e-flex e-con-boxed e-con e-parent\" data-id=\"66d1914\" data-element_type=\"container\">\n\t\t\t\t\t<div class=\"e-con-inner\">\n\t\t\t\t<div class=\"elementor-element elementor-element-3aa215b elementor-widget elementor-widget-text-editor\" data-id=\"3aa215b\" data-element_type=\"widget\" data-widget_type=\"text-editor.default\">\n\t\t\t\t<div class=\"elementor-widget-container\">\n\t\t\t\t\t\t\t\t\t<p><span style=\"font-weight: 400;\">En cumplimiento del art\u00edculo 10 de la Ley 34\/2002, de 11 de julio, de Servicios de la Sociedad de la Informaci\u00f3n y del Comercio Electr\u00f3nico (LSSICE), Frames Alive, S.L. (en adelante, \u201cFrames Alive\u201d), Responsable de esta tienda online, pone a disposici\u00f3n de los Usuarios la presente informaci\u00f3n, para definir sus Condiciones de Uso.<\/span><\/p><p><span style=\"font-weight: 400;\">Adicionalmente a los contenidos aqu\u00ed expuestos, los aspectos espec\u00edficos relacionados con la protecci\u00f3n de los datos personales y la privacidad de los usuarios de esta web se desarrollan en las p\u00e1ginas de Pol\u00edtica de Privacidad y Pol\u00edtica de Cookies.<\/span><\/p><p><b><i>Identidad del Responsable del Tratamiento<\/i><\/b><\/p><ul><li style=\"font-weight: 400;\" aria-level=\"1\"><b>Denominaci\u00f3n Social<\/b><span style=\"font-weight: 400;\">: Frames Alive, S.L.<\/span><\/li><li style=\"font-weight: 400;\" aria-level=\"1\"><b>Nombre Comercial<\/b><span style=\"font-weight: 400;\">: Frames Alive<\/span><\/li><li style=\"font-weight: 400;\" aria-level=\"1\"><b>CIF<\/b><span style=\"font-weight: 400;\">: B06805956<\/span><\/li><li style=\"font-weight: 400;\" aria-level=\"1\"><b>Inscrita en el Registro Mercantil de Madrid: <\/b><span style=\"font-weight: 400;\">Tomo: 42098, Folio: 56, Secci\u00f3n: 8, Hoja Registral: 745365, Inscripci\u00f3n: 1<\/span><\/li><li style=\"font-weight: 400;\" aria-level=\"1\"><b>Domicilio Social<\/b><span style=\"font-weight: 400;\">: C\/ del Capit\u00e1n Blanco Argibay, 134, 4A &#8211; 28029, Tetu\u00e1n, Madrid &#8211; Espa\u00f1a<\/span><\/li><li style=\"font-weight: 400;\" aria-level=\"1\"><b>Actividad<\/b><span style=\"font-weight: 400;\">: Agencia publicidad, productora audiovisual<\/span><\/li><li style=\"font-weight: 400;\" aria-level=\"1\"><b>Phone Number<\/b><span style=\"font-weight: 400;\">: 620 126 403<\/span><\/li><li style=\"font-weight: 400;\" aria-level=\"1\"><b>eMail<\/b><span style=\"font-weight: 400;\">: musicales@framesalive.com<\/span><\/li><li style=\"font-weight: 400;\" aria-level=\"1\"><b>Nombre de Dominio<\/b><span style=\"font-weight: 400;\">: www.musicaleselanuario.com<\/span><\/li><\/ul><p>\u00a0<\/p><p><b><i>Finalidad de la Web<\/i><\/b><\/p><p><span style=\"font-weight: 400;\">La tienda online \u201cFrames Alive\u201d tiene las siguientes finalidades:<\/span><\/p><ul><li style=\"font-weight: 400;\" aria-level=\"1\"><span style=\"font-weight: 400;\">Puesta a disposici\u00f3n del Usuario de los productos y\/o servicios ofertados para su adquisici\u00f3n por medios electr\u00f3nicos, as\u00ed como ofrecer informaci\u00f3n sobre los mismos y el Responsable.<\/span><\/li><li style=\"font-weight: 400;\" aria-level=\"1\"><span style=\"font-weight: 400;\">Divulgaci\u00f3n de informaci\u00f3n relacionada con el sector de actividad del Responsable.<\/span><\/li><li style=\"font-weight: 400;\" aria-level=\"1\"><span style=\"font-weight: 400;\">Gestionar la lista de suscriptores y usuarios adscritos al newsletter de la tienda online.<\/span><\/li><\/ul><p>\u00a0<\/p><p><b><i>Marco Normativo<\/i><\/b><\/p><p><span style=\"font-weight: 400;\">La actividad de esta tienda online se encuentra sujeta al marco legal espa\u00f1ol y europeo, concretamente a las siguientes normas:<\/span><\/p><ul><li aria-level=\"1\"><span style=\"font-weight: 400;\">Reglamento General de Protecci\u00f3n de Datos (RGPD) (UE) 2016\/679, de 27 de abril, que regula el tratamiento de datos personales en los pa\u00edses de la Uni\u00f3n Europea.<\/span><\/li><\/ul><ul><li aria-level=\"1\"><span style=\"font-weight: 400;\">Ley Org\u00e1nica 3\/2018, de 5 de diciembre, sobre Protecci\u00f3n de Datos Personales y Garant\u00eda de los Derechos Digitales (LOPD y GDD), norma de \u00e1mbito regional (aplicable a Espa\u00f1a), y que define y ampl\u00eda muchos de los conceptos y derechos presentes en el RGPD.<\/span><\/li><\/ul><ul><li aria-level=\"1\"><span style=\"font-weight: 400;\">Ley 34\/2002, de 11 de julio, de Servicios de la Sociedad de la Informaci\u00f3n y del Comercio Electr\u00f3nico (LSSICE),<\/span> <span style=\"font-weight: 400;\">norma que afecta a aquellas webs que, de alguna forma, realicen actividades econ\u00f3micas mediante medios electr\u00f3nicos, como es el caso de esta web.<\/span><\/li><\/ul><p>\u00a0<\/p><p><b><i>Condiciones de Uso y Responsabilidades<\/i><\/b><\/p><p><span style=\"font-weight: 400;\">Toda persona que acceda a este sitio web asume el papel de Usuario, comprometi\u00e9ndose a la observancia y cumplimiento riguroso de las condiciones aqu\u00ed dispuestas, as\u00ed como a cualquiera otra disposici\u00f3n legal que fuera de aplicaci\u00f3n. \u201cFrames Alive\u201d no se har\u00e1 responsable de los da\u00f1os y perjuicios, propios o a terceros, producidos por el uso inadecuado de este sitio web por parte del Usuario.<\/span><\/p><p><span style=\"font-weight: 400;\">Las siguientes conductas quedan terminantemente prohibidas por \u201cFrames Alive\u201d. Si el Usuario comete cualquiera de los actos descritos en los puntos siguientes que sea, adem\u00e1s, constitutivo de un delito, \u201cFrames Alive\u201d se reserva la potestad de ponerlo en conocimiento de las autoridades si se constata la comisi\u00f3n del mismo:<\/span><\/p><ul><li style=\"font-weight: 400;\" aria-level=\"1\"><span style=\"font-weight: 400;\">Introducir o difundir virus inform\u00e1ticos o cualesquiera otros sistemas susceptibles de provocar da\u00f1os en los sistemas f\u00edsicos o l\u00f3gicos del propietario del dominio, de sus proveedores o de terceros. Esta prohibici\u00f3n tambi\u00e9n incluye los scripts que pudieron ser insertados.<\/span><\/li><li style=\"font-weight: 400;\" aria-level=\"1\"><span style=\"font-weight: 400;\">Reproducir sin autorizaci\u00f3n los contenidos de la web.<\/span><\/li><li style=\"font-weight: 400;\" aria-level=\"1\"><span style=\"font-weight: 400;\">Acceder (o intentar hacerlo) a zonas restringidas de la plataforma sin cumplir las condiciones exigidas para tal acceso. As\u00ed como revelar datos sobre el funcionamiento de la web sin autorizaci\u00f3n expresa de los administradores de la misma.<\/span><\/li><li style=\"font-weight: 400;\" aria-level=\"1\"><span style=\"font-weight: 400;\">Eludir (o intentarlo) los sistemas de pagos establecidos por \u201cFrames Alive\u201d.<\/span><\/li><\/ul><p>\u00a0<\/p><p><span style=\"font-weight: 400;\">El contenido de esta web no puede ser considerado, en ning\u00fan caso, sustitutivo de asesoramiento legal.<\/span><\/p><p><span style=\"font-weight: 400;\">\u201cFrames Alive\u201d se reserva el derecho a modificar cualquier tipo de informaci\u00f3n que pudiera aparecer en la tienda online, en cualquier momento y sin previo aviso, sin que exista obligaci\u00f3n de preavisar o poner en conocimiento de los Usuarios dichas obligaciones, entendi\u00e9ndose como suficiente la publicaci\u00f3n en el presente sitio web.<\/span><\/p><p><span style=\"font-weight: 400;\">Este sitio web ha sido revisado y probado para que funcione correctamente de manera ininterrumpida. No obstante, \u201cFrames Alive\u201d no descarta la posibilidad de que existan ciertos errores de programaci\u00f3n, falta de disponibilidad puntual (por ejemplo, ca\u00eddas del servidor, o mantenimiento del mismo) o que acontezcan causas de fuerza mayor, cat\u00e1strofes naturales, huelgas, o circunstancias semejantes que hagan imposible el acceso temporal a la p\u00e1gina web.<\/span><\/p><p><span style=\"font-weight: 400;\">El Usuario se compromete a no utilizar esta web ni, si es el caso, los servicios o productos ofrecidos en el mismo, para la realizaci\u00f3n de actividades contrarias a la ley, al orden p\u00fablico o a estas condiciones de uso. Por tanto, \u201cFrames Alive\u201d no se hace responsable de la informaci\u00f3n y contenidos almacenados, a t\u00edtulo enunciativo, pero no limitativo, en foros, chat\u00b4s, generadores de blogs, comentarios, redes sociales o cualquier otro medio que permita a terceros publicar contenidos. No obstante, y en cumplimiento de lo dispuesto en el art. 11 y 16 de la LSSI-CE, \u201cFrames Alive\u201d se pone a disposici\u00f3n de todos los Usuarios, autoridades y fuerzas de seguridad, colaborando de forma activa en la retirada o en su caso bloqueo de todos aquellos contenidos que pudieran afectar o contravenir la legislaci\u00f3n nacional, o internacional, derechos de terceros o la moral y el orden p\u00fablico. En caso de que un Usuario considere que existe en la web alg\u00fan contenido que pudiera ser susceptible de esta clasificaci\u00f3n, se ruega lo notifique de forma inmediata a nuestro personal.<\/span><\/p><p><span style=\"font-weight: 400;\">\u201cFrames Alive\u201d se reserva el derecho a denegar o retirar el acceso a la tienda sin necesidad de advertencia previa, a instancia propia o de un tercero, a aquellos Usuarios que incumplan nuestras Condiciones de Uso.<\/span><\/p><p><b><i>Propiedad Intelectual<\/i><\/b><\/p><p><span style=\"font-weight: 400;\">El sitio web, incluyendo a t\u00edtulo enunciativo, pero no limitativo su programaci\u00f3n, edici\u00f3n, compilaci\u00f3n y dem\u00e1s elementos necesarios para su funcionamiento, los dise\u00f1os, logotipos, texto y\/o gr\u00e1ficos son propiedad de \u201cFrames Alive\u201d o, en su caso, dispone de licencia o autorizaci\u00f3n expresa por parte de los autores.\u00a0<\/span><\/p><p><span style=\"font-weight: 400;\">Todos los contenidos del sitio web se encuentran debidamente protegidos por la normativa de propiedad intelectual e industrial, as\u00ed como inscritos en los registros p\u00fablicos correspondientes, y no se permite la reproducci\u00f3n y\/o publicaci\u00f3n, total o parcial, del sitio web, ni su tratamiento inform\u00e1tico, su distribuci\u00f3n, difusi\u00f3n,\u00a0modificaci\u00f3n o transformaci\u00f3n, sin el permiso previo y por escrito del mismo. \u201cFrames Alive\u201d velar\u00e1 por el cumplimiento de las anteriores condiciones, as\u00ed como por la debida utilizaci\u00f3n de los contenidos presentados en sus p\u00e1ginas web, ejercitando todas las acciones civiles y penales que le correspondan en el caso de infracci\u00f3n o incumplimiento de estos derechos por parte del Usuario.<\/span><\/p><p><span style=\"font-weight: 400;\">Los dise\u00f1os, logotipos, texto y\/o gr\u00e1ficos ajenos a \u201cFrames Alive\u201d y que pudieran aparecer en el sitio web, pertenecen a sus respectivos propietarios, siendo ellos mismos responsables de cualquier posible controversia que pudiera suscitarse respecto a los mismos. En todo caso, \u201cFrames Alive\u201d cuenta con la autorizaci\u00f3n expresa y previa por parte de los mismos. \u201cFrames Alive\u201d reconoce a favor de sus titulares los correspondientes derechos de propiedad industrial e intelectual, no implicando su sola menci\u00f3n o aparici\u00f3n en el sitio web la existencia de derechos o responsabilidad alguna del Responsable sobre los mismos, como tampoco respaldo, patrocinio o recomendaci\u00f3n por parte del mismo.<\/span><\/p><p><b><i>Enlaces de terceros<\/i><\/b><\/p><p><span style=\"font-weight: 400;\">\u201cFrames Alive\u201d puede poner a\u00a0disposici\u00f3n del\u00a0Usuario\u00a0enlaces u otros elementos que permiten el acceso hacia otros sitios web pertenecientes a terceros. No comercializamos los productos y\/o servicios de dichas p\u00e1ginas enlazadas, ni asumimos ning\u00fan tipo de responsabilidad sobre las mismas, ni sobre la informaci\u00f3n contenida en ellas, ni su veracidad o licitud,\u00a0ni de cualesquiera efectos que pudieran derivarse.<\/span><\/p><p><span style=\"font-weight: 400;\">En todo caso, \u201cFrames Alive\u201d manifiesta que proceder\u00e1 a la retirada inmediata de cualquier contenido que pudiera contravenir la legislaci\u00f3n nacional o internacional, la moral o el orden p\u00fablico, procediendo a la retirada inmediata de la redirecci\u00f3n a dicho sitio web, poniendo en conocimiento de las autoridades competentes el contenido en cuesti\u00f3n.<\/span><\/p><p><b><i>Ley Aplicable y Jurisdicci\u00f3n<\/i><\/b><\/p><p><span style=\"font-weight: 400;\">El idioma de redacci\u00f3n e interpretaci\u00f3n de este aviso legal es el espa\u00f1ol.<\/span><\/p><p><span style=\"font-weight: 400;\">La relaci\u00f3n entre \u201cFrames Alive\u201d y Usuario se rige en todos y cada uno de sus extremos por la ley espa\u00f1ola, a la que se someten expresamente ambas partes ante cualquier controversia o cuesti\u00f3n relacionada con el presente sitio web o las actividades en \u00e9l desarrolladas.\u00a0<\/span><\/p><p><span style=\"font-weight: 400;\">Por su parte, en el caso de que el usuario tenga su domicilio fuera de Espa\u00f1a, \u201cFrames Alive\u201d y Usuario se someten, con renuncia expresa a cualquier otro fuero, a los Juzgados y Tribunales competentes de Espa\u00f1a.<\/span><\/p>\t\t\t\t\t\t\t\t<\/div>\n\t\t\t\t<\/div>\n\t\t\t\t\t<\/div>\n\t\t\t\t<\/div>\n\t\t\t\t<\/div>","protected":false},"excerpt":{"rendered":"<p>En cumplimiento del art\u00edculo 10 de la Ley 34\/2002, de 11 de julio, de Servicios de la Sociedad de la Informaci\u00f3n y del Comercio Electr\u00f3nico (LSSICE), Frames Alive, S.L. (en adelante, \u201cFrames Alive\u201d), Responsable de esta tienda online, pone a disposici\u00f3n de los Usuarios la presente informaci\u00f3n, para definir sus Condiciones de Uso. Adicionalmente a [&hellip;]<\/p>","protected":false},"author":2,"featured_media":0,"parent":0,"menu_order":0,"comment_status":"closed","ping_status":"closed","template":"elementor_theme","meta":{"footnotes":""},"class_list":["post-27","page","type-page","status-publish","hentry"],"_links":{"self":[{"href":"https:\/\/musicaleselanuario.com\/en\/wp-json\/wp\/v2\/pages\/27","targetHints":{"allow":["GET"]}}],"collection":[{"href":"https:\/\/musicaleselanuario.com\/en\/wp-json\/wp\/v2\/pages"}],"about":[{"href":"https:\/\/musicaleselanuario.com\/en\/wp-json\/wp\/v2\/types\/page"}],"author":[{"embeddable":true,"href":"https:\/\/musicaleselanuario.com\/en\/wp-json\/wp\/v2\/users\/2"}],"replies":[{"embeddable":true,"href":"https:\/\/musicaleselanuario.com\/en\/wp-json\/wp\/v2\/comments?post=27"}],"version-history":[{"count":61,"href":"https:\/\/musicaleselanuario.com\/en\/wp-json\/wp\/v2\/pages\/27\/revisions"}],"predecessor-version":[{"id":1462,"href":"https:\/\/musicaleselanuario.com\/en\/wp-json\/wp\/v2\/pages\/27\/revisions\/1462"}],"wp:attachment":[{"href":"https:\/\/musicaleselanuario.com\/en\/wp-json\/wp\/v2\/media?parent=27"}],"curies":[{"name":"wp","href":"https:\/\/api.w.org\/{rel}","templated":true}]}}